{"id":105,"date":"2022-10-07T15:33:37","date_gmt":"2022-10-07T14:33:37","guid":{"rendered":"https:\/\/web01.usn.no\/~sir\/programmeringiskolen\/?page_id=105"},"modified":"2022-11-17T14:17:11","modified_gmt":"2022-11-17T13:17:11","slug":"analog-programmering","status":"publish","type":"page","link":"https:\/\/web01.usn.no\/~sir\/programmeringiskolen\/?page_id=105","title":{"rendered":"Analog programmering"},"content":{"rendered":"\n<p>Analog programmering tar utgangspunkt i at man jobber med programmering uten bruk av digitale verkt\u00f8y. F\u00f8rste tanke n\u00e5r man jobber med programmering er nettopp kanskje en datamaskin, s\u00e5 ved analog programmering jobber man med noen av de samme arbeidsm\u00e5tene og n\u00f8kkelbegrepene bare uten digitale verkt\u00f8y. Dersom man s\u00f8ker p\u00e5 nett kan det \u00e5 s\u00f8ke p\u00e5 &#8220;unplugged programming&#8221; gi flere resultater internasjonalt. <\/p>\n\n\n\n<p>S\u00e5 hvordan kan man jobbe med programmering uten \u00e5 bruke en datamaskin. Det mange ulike eksempler p\u00e5 det, som for eksempel \u00e5 jobbe med en oppskrift p\u00e5 kj\u00f8kkenet, gj\u00f8re noe ved \u00e5 ta i mot kommandoer fra andre, osv. <\/p>\n","protected":false},"excerpt":{"rendered":"<p>Analog programmering tar utgangspunkt i at man jobber med programmering uten bruk av digitale verkt\u00f8y. F\u00f8rste tanke n\u00e5r man jobber med programmering er nettopp kanskje en datamaskin, s\u00e5 ved analog programmering jobber man med noen av de samme arbeidsm\u00e5tene og n\u00f8kkelbegrepene bare uten digitale verkt\u00f8y. Dersom man s\u00f8ker p\u00e5 nett kan det \u00e5 s\u00f8ke p\u00e5 [&hellip;]<\/p>\n","protected":false},"author":1,"featured_media":0,"parent":97,"menu_order":0,"comment_status":"closed","ping_status":"closed","template":"","meta":[],"_links":{"self":[{"href":"https:\/\/web01.usn.no\/~sir\/programmeringiskolen\/index.php?rest_route=\/wp\/v2\/pages\/105"}],"collection":[{"href":"https:\/\/web01.usn.no\/~sir\/programmeringiskolen\/index.php?rest_route=\/wp\/v2\/pages"}],"about":[{"href":"https:\/\/web01.usn.no\/~sir\/programmeringiskolen\/index.php?rest_route=\/wp\/v2\/types\/page"}],"author":[{"embeddable":true,"href":"https:\/\/web01.usn.no\/~sir\/programmeringiskolen\/index.php?rest_route=\/wp\/v2\/users\/1"}],"replies":[{"embeddable":true,"href":"https:\/\/web01.usn.no\/~sir\/programmeringiskolen\/index.php?rest_route=%2Fwp%2Fv2%2Fcomments&post=105"}],"version-history":[{"count":3,"href":"https:\/\/web01.usn.no\/~sir\/programmeringiskolen\/index.php?rest_route=\/wp\/v2\/pages\/105\/revisions"}],"predecessor-version":[{"id":493,"href":"https:\/\/web01.usn.no\/~sir\/programmeringiskolen\/index.php?rest_route=\/wp\/v2\/pages\/105\/revisions\/493"}],"up":[{"embeddable":true,"href":"https:\/\/web01.usn.no\/~sir\/programmeringiskolen\/index.php?rest_route=\/wp\/v2\/pages\/97"}],"wp:attachment":[{"href":"https:\/\/web01.usn.no\/~sir\/programmeringiskolen\/index.php?rest_route=%2Fwp%2Fv2%2Fmedia&parent=105"}],"curies":[{"name":"wp","href":"https:\/\/api.w.org\/{rel}","templated":true}]}}