{"id":232,"date":"2022-10-12T12:06:14","date_gmt":"2022-10-12T11:06:14","guid":{"rendered":"https:\/\/web01.usn.no\/~sir\/programmeringiskolen\/?page_id=232"},"modified":"2023-02-13T14:32:18","modified_gmt":"2023-02-13T13:32:18","slug":"skriv-til-konsoll","status":"publish","type":"page","link":"https:\/\/web01.usn.no\/~sir\/programmeringiskolen\/?page_id=232","title":{"rendered":"Skriv ut til og lese fra konsoll"},"content":{"rendered":"\n<p>Av Reiar Kravik, USN<\/p>\n\n\n\n<p>Python skriver ikke ut direkte til konsoll. Dette er noe vi m\u00e5 gi kommandoer til i programmene eller i koden vi skriver. Vi kan skrive ut bare tall, tekst og ulike sammensetninger av tall og tekst. Det kan ogs\u00e5 v\u00e6re slik at vi \u00f8nsker et bestemt antall desimaler i et tall for utskrift, noe vi m\u00e5 spesifisere. Kommandoen for \u00e5 skrive til konsoll er print(). <\/p>\n\n\n\n<h6>Skrive ut og lese tekst<\/h6>\n\n\n\n<p><iframe loading=\"lazy\" src=\"https:\/\/trinket.io\/embed\/python3\/022b078d97\" width=\"100%\" height=\"256\" frameborder=\"0\" marginwidth=\"0\" marginheight=\"0\" allowfullscreen=\"\"><\/iframe><\/p>\n\n\n\n<p><strong>Oppgave 1)<\/strong> Se p\u00e5 koden som er gitt over, og bytt ut slik at du f\u00e5r skrevet ut ditt navn. Hvis du vil skrive navnet ditt flere ganger er det en av metodene enklere enn andre? <\/p>\n\n\n\n<p>Vi kan ogs\u00e5 f\u00e5 programmet til \u00e5 lese fra konsollen slik at vi kan sp\u00f8rre om navnet ditt. <\/p>\n\n\n\n<p><strong>Oppgave 2)<\/strong> Kj\u00f8r programmet, trykk i konsoll, skriv navnet ditt og trykk enter, hva skjer?<\/p>\n\n\n\n<p><iframe loading=\"lazy\" src=\"https:\/\/trinket.io\/embed\/python3\/b98dfbc0e5\" width=\"100%\" height=\"256\" frameborder=\"0\" marginwidth=\"0\" marginheight=\"0\" allowfullscreen=\"\"><\/iframe><\/p>\n\n\n\n<h6>Skrive ut og lese helttall<\/h6>\n\n\n\n<p>N\u00e5r vi skriver ut heltall bruker vi ogs\u00e5 samme print funksjon. <\/p>\n\n\n\n<p><iframe loading=\"lazy\" src=\"https:\/\/trinket.io\/embed\/python3\/9ca7414ba0\" width=\"100%\" height=\"256\" frameborder=\"0\" marginwidth=\"0\" marginheight=\"0\" allowfullscreen=\"\"><\/iframe><\/p>\n\n\n\n<p><strong>Oppgave 3<\/strong> Endre tallet til et tall du tenker p\u00e5 og se om du f\u00e5r skrevet ut tallet til konsoll<\/p>\n\n\n\n<p><strong>Oppgave 4<\/strong> Legg til en ny variabel som er et heltall og skriv tallet ut til konsoll<\/p>\n\n\n\n<p>Vi kan ogs\u00e5 sp\u00f8rre om hvilket tall vi er ute etter i konsollen og deretter skrive det til skjerm. Vi bruker input funksjonen. I tillegg legger vi til &#8220;int&#8221; i koden for \u00e5 definere at tallet vi tar inn er et heltall. Dette gj\u00f8r vi fordi input funksjonen tar i utgangspunktet alt inn som en tekst. Vi definerer alts\u00e5 det som kommer inn som et heltall. <\/p>\n\n\n\n<p><iframe loading=\"lazy\" src=\"https:\/\/trinket.io\/embed\/python3\/83b92fb287\" width=\"100%\" height=\"256\" frameborder=\"0\" marginwidth=\"0\" marginheight=\"0\" allowfullscreen=\"\"><\/iframe><\/p>\n\n\n\n<h6>Skrive ut og lese desimaltall<\/h6>\n\n\n\n<p>For desimaltall ligner mye p\u00e5 det \u00e5 skrive heltall. <\/p>\n\n\n\n<p><iframe loading=\"lazy\" src=\"https:\/\/trinket.io\/embed\/python3\/a5140ef91c\" width=\"100%\" height=\"356\" frameborder=\"0\" marginwidth=\"0\" marginheight=\"0\" allowfullscreen=\"\"><\/iframe><\/p>\n\n\n\n<p><strong>Oppgave 3<\/strong> Endre tallet til et desimaltall du tenker p\u00e5 og se om du f\u00e5r skrevet ut tallet til konsoll med 3 desimaler<\/p>\n\n\n\n<p><strong>Oppgave 4<\/strong> Legg til en ny variabel som er et desimaltall med \u00f8nskede desimaler og skriv tallet ut til konsoll<\/p>\n\n\n\n<p>Vi kan ogs\u00e5 sp\u00f8rre om hvilket tall vi er ute etter i konsollen og deretter skrive det til skjerm. N\u00e5 bruker vi &#8220;float&#8221; i koden for \u00e5 definere at tallet vi tar inn er et desimaltall. <\/p>\n\n\n\n<p><iframe loading=\"lazy\" src=\"https:\/\/trinket.io\/embed\/python3\/d15379f0fe\" width=\"100%\" height=\"256\" frameborder=\"0\" marginwidth=\"0\" marginheight=\"0\" allowfullscreen=\"\"><\/iframe><\/p>\n\n\n\n<p><\/p>\n\n\n\n<h5>Sammensatte utskrifter<\/h5>\n\n\n\n<p>Vi kan kombinere utskrifter slik at vi f\u00e5r med skrift i utskriftene v\u00e5re slik at vi f\u00e5r forklarende tekst til det vi skriver ut. Noen eksempler er gitt under<\/p>\n\n\n\n<p><strong>Oppgave 5<\/strong> Skriv inn et desimaltall mellom 0 og 1 n\u00e5r du kj\u00f8rer programmet under.<\/p>\n\n\n\n<p><iframe loading=\"lazy\" src=\"https:\/\/trinket.io\/embed\/python3\/7b5e8027b7\" width=\"100%\" height=\"256\" frameborder=\"0\" marginwidth=\"0\" marginheight=\"0\" allowfullscreen=\"\"><\/iframe><\/p>\n\n\n\n<p><strong>Oppgave <\/strong>6 Se p\u00e5 koden under og diskuter hva koden gj\u00f8r.<\/p>\n\n\n\n<p><iframe loading=\"lazy\" src=\"https:\/\/trinket.io\/embed\/python3\/76666be161\" width=\"100%\" height=\"256\" frameborder=\"0\" marginwidth=\"0\" marginheight=\"0\" allowfullscreen=\"\"><\/iframe><\/p>\n\n\n\n<p><strong>Oppgave 7 <\/strong>Kan legge inn en input til som sp\u00f8r om hvor du hvor du bor. Dette skal komme frem i sammen med f\u00f8dsels\u00e5r og navn n\u00e5r du kj\u00f8rer koden.<\/p>\n\n\n\n<p><\/p>\n","protected":false},"excerpt":{"rendered":"<p>Av Reiar Kravik, USN Python skriver ikke ut direkte til konsoll. Dette er noe vi m\u00e5 gi kommandoer til i programmene eller i koden vi skriver. Vi kan skrive ut bare tall, tekst og ulike sammensetninger av tall og tekst. Det kan ogs\u00e5 v\u00e6re slik at vi \u00f8nsker et bestemt antall desimaler i et tall [&hellip;]<\/p>\n","protected":false},"author":2,"featured_media":0,"parent":109,"menu_order":15,"comment_status":"closed","ping_status":"closed","template":"","meta":[],"_links":{"self":[{"href":"https:\/\/web01.usn.no\/~sir\/programmeringiskolen\/index.php?rest_route=\/wp\/v2\/pages\/232"}],"collection":[{"href":"https:\/\/web01.usn.no\/~sir\/programmeringiskolen\/index.php?rest_route=\/wp\/v2\/pages"}],"about":[{"href":"https:\/\/web01.usn.no\/~sir\/programmeringiskolen\/index.php?rest_route=\/wp\/v2\/types\/page"}],"author":[{"embeddable":true,"href":"https:\/\/web01.usn.no\/~sir\/programmeringiskolen\/index.php?rest_route=\/wp\/v2\/users\/2"}],"replies":[{"embeddable":true,"href":"https:\/\/web01.usn.no\/~sir\/programmeringiskolen\/index.php?rest_route=%2Fwp%2Fv2%2Fcomments&post=232"}],"version-history":[{"count":33,"href":"https:\/\/web01.usn.no\/~sir\/programmeringiskolen\/index.php?rest_route=\/wp\/v2\/pages\/232\/revisions"}],"predecessor-version":[{"id":548,"href":"https:\/\/web01.usn.no\/~sir\/programmeringiskolen\/index.php?rest_route=\/wp\/v2\/pages\/232\/revisions\/548"}],"up":[{"embeddable":true,"href":"https:\/\/web01.usn.no\/~sir\/programmeringiskolen\/index.php?rest_route=\/wp\/v2\/pages\/109"}],"wp:attachment":[{"href":"https:\/\/web01.usn.no\/~sir\/programmeringiskolen\/index.php?rest_route=%2Fwp%2Fv2%2Fmedia&parent=232"}],"curies":[{"name":"wp","href":"https:\/\/api.w.org\/{rel}","templated":true}]}}