{"id":345,"date":"2022-11-02T09:58:57","date_gmt":"2022-11-02T08:58:57","guid":{"rendered":"https:\/\/web01.usn.no\/~sir\/programmeringiskolen\/?page_id=345"},"modified":"2022-11-02T11:51:20","modified_gmt":"2022-11-02T10:51:20","slug":"turtle-og-geometri","status":"publish","type":"page","link":"https:\/\/web01.usn.no\/~sir\/programmeringiskolen\/?page_id=345","title":{"rendered":"Turtle og geometri"},"content":{"rendered":"\n<p><strong>Tema<\/strong>: Geometriske figurer<\/p>\n\n\n\n<p><strong>Foresl\u00e5tt klassetrinn<\/strong>: 6 -10 kl<\/p>\n\n\n\n<div class=\"wp-container-3 wp-block-group\">\n<div class=\"wp-container-2 wp-block-group\">\n<p><strong>Relevante kompetansem\u00e5l: <\/strong><\/p>\n\n\n\n<div class=\"wp-container-1 wp-block-group\">\n<p>8 trinn: &#8220;utforske&nbsp;hvordan algoritmer kan skapes, testes og forbedres ved hjelp av programmering&#8221;<\/p>\n\n\n\n<p>9 trinn: &#8220;utforske,&nbsp;beskrive&nbsp;og argumentere for sammenhenger mellom sidelengdene i trekanter&#8221; og &#8220;utforske&nbsp;og argumentere for hvordan det \u00e5 endre forutsetninger i geometriske problemstillinger p\u00e5virker l\u00f8sninger&#8221;<\/p>\n\n\n\n<p>10 trinn: &#8220;utforske\u00a0matematiske egenskaper og sammenhenger ved \u00e5\u00a0bruke\u00a0programmering&#8221;<\/p>\n\n\n\n<p>I denne aktiviteten skal vi ha en liten repetisjon av geometriske figurer med pakken turtle i python. Du kan lese om gjennomf\u00f8ringen i et klasserom i <a href=\"http:\/\/tangenten.no\/wp-content\/uploads\/2021\/12\/tangenten-2-2020-Kravik.pdf\" target=\"_blank\" rel=\"noreferrer noopener\">tangenten<\/a>. Resultatet av alle oppgaver skal tas skjermbilde av og limes inn i et word-dokument. Dersom dette gj\u00f8res i en klasse g\u00e5r l\u00e6rer gjennom f\u00f8rste oppgave med elevene, f\u00f8r elevene jobber videre i grupper p\u00e5 to. <\/p>\n\n\n\n<p><strong>Oppgave 1<\/strong>: Se p\u00e5 koden under og beskriv hva koden gj\u00f8r. Utvid koden slik at skilpadden g\u00e5r et kvadrat. Ta skjermbilde av figuren og lim inn i et word-dokument<\/p>\n<\/div>\n<\/div>\n<\/div>\n\n\n\n<p><iframe loading=\"lazy\" src=\"https:\/\/trinket.io\/embed\/python\/9196b66b84\" width=\"100%\" height=\"256\" frameborder=\"0\" marginwidth=\"0\" marginheight=\"0\" allowfullscreen=\"\"><\/iframe>\n\n\n\n<p>Vi innf\u00f8rer n\u00e5 flere muligheter ved \u00e5 kunne bruke kommandoene forward(), backward(), right() og left(). <\/p>\n\n\n\n<p><strong>Oppgave 2: <\/strong>Bruk det du l\u00e6rte i oppgave 1 og se om du kan f\u00e5 skilpadden til \u00e5 lage en likesidet trekant. Hva er en likesidet trekant? Hvordan er vinklene i en likesidet trekant. Diskuter i gruppen. Ta skjermbilde av figuren du f\u00e5r opp og koden. <\/p>\n\n\n\n<p><strong>Oppgave 3:<\/strong> Kan du lage andre type trekanter? Hvilke typer har vi? Diskuter i gruppen. Ta skjermbilde av figuren du f\u00e5r opp og koden. <\/p>\n\n\n\n<p><strong>Oppgave 4:<\/strong> Hvilke andre typer geometriske figurer har vi? Klarer du \u00e5 f\u00e5 skilpadden til \u00e5 g\u00e5 en slik figur? Diskuter i gruppen. Ta skjermbilde av figuren du f\u00e5r opp og koden. <\/p>\n\n\n\n<p><strong>Oppgave 5:<\/strong> Se p\u00e5 koden under og diskuter hva kommandoene penup(), goto() og pendown() gj\u00f8r. Kj\u00f8r programmet og se om programmet gjorde det du \u00f8nsket. Klarer dere \u00e5 utvide koden slik at vi speiler kvadratet som er gitt om en linje? <\/p>\n\n\n\n<p><iframe loading=\"lazy\" src=\"https:\/\/trinket.io\/embed\/python\/18d86b262b\" width=\"100%\" height=\"400\" frameborder=\"0\" marginwidth=\"0\" marginheight=\"0\" allowfullscreen><\/iframe>\n\n\n\n<p>Dere har n\u00e5 jobbet med flere ulike figurer og testet Python. Hva er vanskelig n\u00e5r man jobber med dette? Kan vi effektivisere kodene dere har lagd? <\/p>\n\n\n\n<p><strong>Oppgave 6:<\/strong> Se p\u00e5 koden under og diskuter hva koden gj\u00f8r. Ta en titt p\u00e5 <a href=\"https:\/\/web01.usn.no\/~sir\/programmeringiskolen\/?page_id=127\">for-l\u00f8kker<\/a> og se om dette kan hjelpe deg. Kj\u00f8r koden og se om dere foruts\u00e5 det koden gjorde. Endre koden til \u00e5 lage en likebeint trekant n\u00e5.<\/p>\n\n\n\n<p><iframe loading=\"lazy\" src=\"https:\/\/trinket.io\/embed\/python\/2b14a942a2\" width=\"100%\" height=\"400\" frameborder=\"0\" marginwidth=\"0\" marginheight=\"0\" allowfullscreen><\/iframe>\n\n\n\n<p><strong>Oppgave 7:<\/strong> Bruk det dere har gjort til n\u00e5 og se om dere kan lage et program der skilpadden g\u00e5r en mangekant der dere oppgir antall sider. Bruk programmerings vinduet over. <\/p>\n\n\n\n<p>Mulig l\u00f8sningsforslag<\/p>\n","protected":false},"excerpt":{"rendered":"<p>Tema: Geometriske figurer Foresl\u00e5tt klassetrinn: 6 -10 kl Relevante kompetansem\u00e5l: 8 trinn: &#8220;utforske&nbsp;hvordan algoritmer kan skapes, testes og forbedres ved hjelp av programmering&#8221; 9 trinn: &#8220;utforske,&nbsp;beskrive&nbsp;og argumentere for sammenhenger mellom sidelengdene i trekanter&#8221; og &#8220;utforske&nbsp;og argumentere for hvordan det \u00e5 endre forutsetninger i geometriske problemstillinger p\u00e5virker l\u00f8sninger&#8221; 10 trinn: &#8220;utforske\u00a0matematiske egenskaper og sammenhenger ved \u00e5\u00a0bruke\u00a0programmering&#8221; [&hellip;]<\/p>\n","protected":false},"author":2,"featured_media":0,"parent":113,"menu_order":30,"comment_status":"closed","ping_status":"closed","template":"","meta":[],"_links":{"self":[{"href":"https:\/\/web01.usn.no\/~sir\/programmeringiskolen\/index.php?rest_route=\/wp\/v2\/pages\/345"}],"collection":[{"href":"https:\/\/web01.usn.no\/~sir\/programmeringiskolen\/index.php?rest_route=\/wp\/v2\/pages"}],"about":[{"href":"https:\/\/web01.usn.no\/~sir\/programmeringiskolen\/index.php?rest_route=\/wp\/v2\/types\/page"}],"author":[{"embeddable":true,"href":"https:\/\/web01.usn.no\/~sir\/programmeringiskolen\/index.php?rest_route=\/wp\/v2\/users\/2"}],"replies":[{"embeddable":true,"href":"https:\/\/web01.usn.no\/~sir\/programmeringiskolen\/index.php?rest_route=%2Fwp%2Fv2%2Fcomments&post=345"}],"version-history":[{"count":16,"href":"https:\/\/web01.usn.no\/~sir\/programmeringiskolen\/index.php?rest_route=\/wp\/v2\/pages\/345\/revisions"}],"predecessor-version":[{"id":365,"href":"https:\/\/web01.usn.no\/~sir\/programmeringiskolen\/index.php?rest_route=\/wp\/v2\/pages\/345\/revisions\/365"}],"up":[{"embeddable":true,"href":"https:\/\/web01.usn.no\/~sir\/programmeringiskolen\/index.php?rest_route=\/wp\/v2\/pages\/113"}],"wp:attachment":[{"href":"https:\/\/web01.usn.no\/~sir\/programmeringiskolen\/index.php?rest_route=%2Fwp%2Fv2%2Fmedia&parent=345"}],"curies":[{"name":"wp","href":"https:\/\/api.w.org\/{rel}","templated":true}]}}