{"id":393,"date":"2022-11-03T13:56:21","date_gmt":"2022-11-03T12:56:21","guid":{"rendered":"https:\/\/web01.usn.no\/~sir\/programmeringiskolen\/?page_id=393"},"modified":"2022-11-10T15:59:48","modified_gmt":"2022-11-10T14:59:48","slug":"kom-igang-med-microbit","status":"publish","type":"page","link":"https:\/\/web01.usn.no\/~sir\/programmeringiskolen\/?page_id=393","title":{"rendered":"Kom igang med micro:bit!"},"content":{"rendered":"\n<figure class=\"wp-block-image size-full is-resized\"><img loading=\"lazy\" src=\"https:\/\/web01.usn.no\/~sir\/programmeringiskolen\/wp-content\/uploads\/2022\/11\/microbit-smiley.png\" alt=\"\" class=\"wp-image-394\" width=\"251\" height=\"191\" srcset=\"https:\/\/web01.usn.no\/~sir\/programmeringiskolen\/wp-content\/uploads\/2022\/11\/microbit-smiley.png 395w, https:\/\/web01.usn.no\/~sir\/programmeringiskolen\/wp-content\/uploads\/2022\/11\/microbit-smiley-300x229.png 300w\" sizes=\"(max-width: 251px) 100vw, 251px\" \/><\/figure>\n\n\n\n<p>Micro:bit er en liten datamaskin som du kan l\u00e6re hvordan programvare og maskinvare fungerer sammen. Den er utviklet av britiske BBC til bruk i data- og teknologiundervisning i skolen. Den har et LED-display, knapper, forskjellige sensorer og mange muligheter for \u00e5 koble til eksterne komponenter som man kan lese fra eller styre til. Man kan for eksempel lese verdier fra ekstern sensor eller knapp, og styre LED-dioder, servoer og motorer. Den siste versjonen (V2) har ogs\u00e5 mikrofon og h\u00f8yttaler innebygget.<\/p>\n\n\n\n<h3>Form\u00e5l med denne leksjonen<\/h3>\n\n\n\n<p>I denne \u00f8velsen skal du bli l\u00e6re hvordan du programmerer en micro:bit, og hvordan du overf\u00f8rer programmet fra datamaskinen til micro:bit. Etter at programmet er overf\u00f8rt kan micro:bit kj\u00f8re programmet selvstendig, du trenger bare koble til en batteripakke.<\/p>\n\n\n\n<h3>Makecode.org<\/h3>\n\n\n\n<p>Programmeringsmilj\u00f8et for micro:bit finner du p\u00e5 nettstedet <a href=\"http:\/\/makecode.org\" target=\"_blank\" rel=\"noreferrer noopener\">http:\/\/makecode.org<\/a>. Dette nettstedet er driftet av Microsoft, og er en samleside for mange forskjellige enheter og programmeringsressurser, blant annet Lego og Minecraft. Nettstedet tilbyr blokkprogrammering for disse enhetene. Nettstedet krever ikke innlogging for \u00e5 brukes, og man kan dele koder til andre. Dersom man vil logge p\u00e5, s\u00e5 kreves det en microsoft-konto.<\/p>\n\n\n\n<figure class=\"wp-block-image size-large\"><img loading=\"lazy\" width=\"1024\" height=\"604\" src=\"https:\/\/web01.usn.no\/~sir\/programmeringiskolen\/wp-content\/uploads\/2022\/11\/makecode-startvindu-1024x604.png\" alt=\"\" class=\"wp-image-403\" srcset=\"https:\/\/web01.usn.no\/~sir\/programmeringiskolen\/wp-content\/uploads\/2022\/11\/makecode-startvindu-1024x604.png 1024w, https:\/\/web01.usn.no\/~sir\/programmeringiskolen\/wp-content\/uploads\/2022\/11\/makecode-startvindu-300x177.png 300w, https:\/\/web01.usn.no\/~sir\/programmeringiskolen\/wp-content\/uploads\/2022\/11\/makecode-startvindu-768x453.png 768w, https:\/\/web01.usn.no\/~sir\/programmeringiskolen\/wp-content\/uploads\/2022\/11\/makecode-startvindu.png 1060w\" sizes=\"(max-width: 1024px) 100vw, 1024px\" \/><figcaption>Startskjermen til makecode.org<\/figcaption><\/figure>\n\n\n\n<p>Etter at du har \u00e5pnet <a href=\"http:\/\/makecode.org\" target=\"_blank\" rel=\"noreferrer noopener\">http:\/\/makecode.org<\/a> i nettleseren kommer du til startskjermen som vist over. Velg micro:bit, og da kommer du til forsiden for micro:bit-programmering:<\/p>\n\n\n\n<figure class=\"wp-block-image size-large\"><img loading=\"lazy\" width=\"1024\" height=\"476\" src=\"https:\/\/web01.usn.no\/~sir\/programmeringiskolen\/wp-content\/uploads\/2022\/11\/microbit-startsside-1024x476.png\" alt=\"\" class=\"wp-image-405\" srcset=\"https:\/\/web01.usn.no\/~sir\/programmeringiskolen\/wp-content\/uploads\/2022\/11\/microbit-startsside-1024x476.png 1024w, https:\/\/web01.usn.no\/~sir\/programmeringiskolen\/wp-content\/uploads\/2022\/11\/microbit-startsside-300x140.png 300w, https:\/\/web01.usn.no\/~sir\/programmeringiskolen\/wp-content\/uploads\/2022\/11\/microbit-startsside-768x357.png 768w, https:\/\/web01.usn.no\/~sir\/programmeringiskolen\/wp-content\/uploads\/2022\/11\/microbit-startsside-1536x714.png 1536w, https:\/\/web01.usn.no\/~sir\/programmeringiskolen\/wp-content\/uploads\/2022\/11\/microbit-startsside.png 1832w\" sizes=\"(max-width: 1024px) 100vw, 1024px\" \/><figcaption>Startside<\/figcaption><\/figure>\n\n\n\n<p>I denne menyen kan du finne gamle prosjekter eller lage nye. Ellers, oppe til h\u00f8yre er det et ikon som ser ut som et tannhjul, her finner du forskjellige innstillinger, som for eksempel spr\u00e5kinnstillinger. Micro:bit sitt milj\u00f8 kan kj\u00f8res p\u00e5 veldig mange spr\u00e5k, ogs\u00e5 norsk. Velg et nytt prosjekt, og gi det navnet: &#8220;Hallo, verden&#8221;<\/p>\n\n\n\n<figure class=\"wp-block-image size-large\"><img loading=\"lazy\" width=\"1024\" height=\"584\" src=\"https:\/\/web01.usn.no\/~sir\/programmeringiskolen\/wp-content\/uploads\/2022\/11\/makecode-microbit-1024x584.png\" alt=\"\" class=\"wp-image-410\" srcset=\"https:\/\/web01.usn.no\/~sir\/programmeringiskolen\/wp-content\/uploads\/2022\/11\/makecode-microbit-1024x584.png 1024w, https:\/\/web01.usn.no\/~sir\/programmeringiskolen\/wp-content\/uploads\/2022\/11\/makecode-microbit-300x171.png 300w, https:\/\/web01.usn.no\/~sir\/programmeringiskolen\/wp-content\/uploads\/2022\/11\/makecode-microbit-768x438.png 768w, https:\/\/web01.usn.no\/~sir\/programmeringiskolen\/wp-content\/uploads\/2022\/11\/makecode-microbit.png 1360w\" sizes=\"(max-width: 1024px) 100vw, 1024px\" \/><\/figure>\n\n\n\n<p>N\u00e5 er du i selve kodevinduet! P\u00e5 skjermen ser du n\u00e5 f\u00f8lgende:<\/p>\n\n\n\n<ol><li>I det gr\u00e5 feltet til h\u00f8yre legges kodeblokkene som skal kj\u00f8res p\u00e5 micro:bit<\/li><li>I menyen i midten finner du de forskjellige blokkene sortert p\u00e5 tema. Disse er fargekodet slik at det skal v\u00e6re enkelt \u00e5 finne riktige blokker fra eksemplene<\/li><li>Hver gang du \u00e5pner et nytt kodevindu legges to blokker som standard. &#8220;Ved start&#8221; er koden som kj\u00f8res f\u00f8rst, og den kj\u00f8rer en gang. &#8220;Gjenta for alltid&#8221; er en evighetssl\u00f8yfe. Disse kan fjernes hvis man ikke trenger de (dra blokken til venstre over blokkmenyen)<\/li><li>Oppe til venstre er en micro:bit-emulator, hvor man kan teste koden f\u00f8r man laster den over til den fysiske micro:bit&#8217;en. Denne er ganske snedig, man kan faktisk l\u00e6re seg \u00e5 kode en micro:bit uten \u00e5 ha en selv.<\/li><li>Nedlastningsknappen. Her kan man laste ned programmet til micro:bit. P\u00e5 de fleste maskiner kan man koble direkte til micro:bit i nettleseren, men hvis ikke dette g\u00e5r, s\u00e5 lages en s\u00e5kalt &#8220;.hex&#8221;-fil som m\u00e5 draes over til micro:bit i filbehandler. Mer om dette senere.<\/li><li>Knapp for innstillinger, her kan man velge spr\u00e5k, utvidelser og mer.<\/li><li>Dele-knapp. Her kan man publisere prosjektet slik at man kan dele link til andre.<\/li><\/ol>\n\n\n\n<h3>Hallo verden!<\/h3>\n\n\n\n<p>Du er n\u00e5 klar til \u00e5 lage ditt aller f\u00f8rste micro:bit-program. Kopier koden under i ditt eget Makecode-vindu, eller \u00e5pne prosjektet med denne linken: <a rel=\"noreferrer noopener\" href=\"https:\/\/makecode.microbit.org\/_Ay3HW56PTdMJ\" data-type=\"URL\" data-id=\"https:\/\/makecode.microbit.org\/_Ay3HW56PTdMJ\" target=\"_blank\">Hallo verden! &#8211; Makecode<\/a> (trykk p\u00e5 &#8220;rediger&#8221; \u00f8verst til h\u00f8yre for \u00e5 f\u00e5 opp redigeringsvinduet)<\/p>\n\n\n\n<figure class=\"wp-block-image size-large\"><img loading=\"lazy\" width=\"1024\" height=\"643\" src=\"https:\/\/web01.usn.no\/~sir\/programmeringiskolen\/wp-content\/uploads\/2022\/11\/01-hallo-verden-1024x643.png\" alt=\"\" class=\"wp-image-413\" srcset=\"https:\/\/web01.usn.no\/~sir\/programmeringiskolen\/wp-content\/uploads\/2022\/11\/01-hallo-verden-1024x643.png 1024w, https:\/\/web01.usn.no\/~sir\/programmeringiskolen\/wp-content\/uploads\/2022\/11\/01-hallo-verden-300x188.png 300w, https:\/\/web01.usn.no\/~sir\/programmeringiskolen\/wp-content\/uploads\/2022\/11\/01-hallo-verden-768x482.png 768w, https:\/\/web01.usn.no\/~sir\/programmeringiskolen\/wp-content\/uploads\/2022\/11\/01-hallo-verden.png 1238w\" sizes=\"(max-width: 1024px) 100vw, 1024px\" \/><\/figure>\n\n\n\n<p>Du kan teste koden i emulatoren til venstre ved \u00e5 trykke p\u00e5 den gr\u00f8nne &#8220;play&#8221;-knappen. Hva skjer?<\/p>\n\n\n\n<h3>Overf\u00f8re koden til micro:bit<\/h3>\n\n\n\n<p>Koble micro:biten til datamaskinen din med en USB-kabel, disse f\u00f8lger som regel med enhetene. Det er en vanlig USB Micro-B kabel.<\/p>\n\n\n\n<figure class=\"wp-block-image size-large\"><img loading=\"lazy\" width=\"1024\" height=\"768\" src=\"https:\/\/web01.usn.no\/~sir\/programmeringiskolen\/wp-content\/uploads\/2022\/11\/microbit-tilkobling-1024x768.jpg\" alt=\"\" class=\"wp-image-448\" srcset=\"https:\/\/web01.usn.no\/~sir\/programmeringiskolen\/wp-content\/uploads\/2022\/11\/microbit-tilkobling-1024x768.jpg 1024w, https:\/\/web01.usn.no\/~sir\/programmeringiskolen\/wp-content\/uploads\/2022\/11\/microbit-tilkobling-300x225.jpg 300w, https:\/\/web01.usn.no\/~sir\/programmeringiskolen\/wp-content\/uploads\/2022\/11\/microbit-tilkobling-768x576.jpg 768w, https:\/\/web01.usn.no\/~sir\/programmeringiskolen\/wp-content\/uploads\/2022\/11\/microbit-tilkobling-1536x1152.jpg 1536w, https:\/\/web01.usn.no\/~sir\/programmeringiskolen\/wp-content\/uploads\/2022\/11\/microbit-tilkobling-2048x1536.jpg 2048w\" sizes=\"(max-width: 1024px) 100vw, 1024px\" \/><figcaption>Micro:bit tilkoblet en PC med USB-kabel<\/figcaption><\/figure>\n\n\n\n<p>Hvis enheten er riktig tilkoblet skal den dukke opp i filbehandleren p\u00e5 din maskin:<\/p>\n\n\n\n<figure class=\"wp-block-image size-full\"><img loading=\"lazy\" width=\"341\" height=\"336\" src=\"https:\/\/web01.usn.no\/~sir\/programmeringiskolen\/wp-content\/uploads\/2022\/11\/Screenshot-2022-11-10-144959.png\" alt=\"\" class=\"wp-image-449\" srcset=\"https:\/\/web01.usn.no\/~sir\/programmeringiskolen\/wp-content\/uploads\/2022\/11\/Screenshot-2022-11-10-144959.png 341w, https:\/\/web01.usn.no\/~sir\/programmeringiskolen\/wp-content\/uploads\/2022\/11\/Screenshot-2022-11-10-144959-300x296.png 300w\" sizes=\"(max-width: 341px) 100vw, 341px\" \/><\/figure>\n\n\n\n<p>Det neste steget er \u00e5 overf\u00f8re koden til din enhet. Det kan gj\u00f8res p\u00e5 2 m\u00e5ter: P\u00e5 de aller fleste nye maskiner kan man overf\u00f8re koden direkte fra Makecode-vinduet med ett enkelt trykk, men man m\u00e5 sette opp dette f\u00f8rste gang. P\u00e5 noen maskiner er ikke dette mulig, og da m\u00e5 man laste over kodefilen manuelt. Jeg beskriver begge metodene videre:<\/p>\n\n\n\n<h5>Ett-trykks overf\u00f8ring:<\/h5>\n\n\n\n<p>Denne prosessen trenger du som regel bare \u00e5 g\u00e5 igjennom f\u00f8rste gangen du bruker en microbit p\u00e5 din datamaskin. Trykk p\u00e5 download-knappen!<\/p>\n\n\n\n<figure class=\"wp-block-image size-full\"><img loading=\"lazy\" width=\"793\" height=\"742\" src=\"https:\/\/web01.usn.no\/~sir\/programmeringiskolen\/wp-content\/uploads\/2022\/11\/Screenshot-2022-11-10-153640.png\" alt=\"\" class=\"wp-image-451\" srcset=\"https:\/\/web01.usn.no\/~sir\/programmeringiskolen\/wp-content\/uploads\/2022\/11\/Screenshot-2022-11-10-153640.png 793w, https:\/\/web01.usn.no\/~sir\/programmeringiskolen\/wp-content\/uploads\/2022\/11\/Screenshot-2022-11-10-153640-300x281.png 300w, https:\/\/web01.usn.no\/~sir\/programmeringiskolen\/wp-content\/uploads\/2022\/11\/Screenshot-2022-11-10-153640-768x719.png 768w\" sizes=\"(max-width: 793px) 100vw, 793px\" \/><\/figure>\n\n\n\n<p>N\u00e5 skjer det!. Makecode laster ned en &#8220;.hex&#8221;-fil til din nedlastningsmappe, som du kan manuelt kopiere over til micro:bit med filbehandleren, mer om dette under dette avsnittet.<\/p>\n\n\n\n<p>Dersom din datamaskin og nettleser st\u00f8tter &#8220;web-USB&#8221; vil du f\u00e5 opp f\u00f8lgende beskjed: Trykk p\u00e5 &#8220;pair now&#8221; og f\u00f8lg instruksjonene under:<\/p>\n\n\n\n<figure class=\"wp-block-image size-full\"><img loading=\"lazy\" width=\"1009\" height=\"770\" src=\"https:\/\/web01.usn.no\/~sir\/programmeringiskolen\/wp-content\/uploads\/2022\/11\/Screenshot-2022-11-10-145853.png\" alt=\"\" class=\"wp-image-450\" srcset=\"https:\/\/web01.usn.no\/~sir\/programmeringiskolen\/wp-content\/uploads\/2022\/11\/Screenshot-2022-11-10-145853.png 1009w, https:\/\/web01.usn.no\/~sir\/programmeringiskolen\/wp-content\/uploads\/2022\/11\/Screenshot-2022-11-10-145853-300x229.png 300w, https:\/\/web01.usn.no\/~sir\/programmeringiskolen\/wp-content\/uploads\/2022\/11\/Screenshot-2022-11-10-145853-768x586.png 768w\" sizes=\"(max-width: 1009px) 100vw, 1009px\" \/><\/figure>\n\n\n\n<figure class=\"wp-block-image size-full\"><img loading=\"lazy\" width=\"1009\" height=\"722\" src=\"https:\/\/web01.usn.no\/~sir\/programmeringiskolen\/wp-content\/uploads\/2022\/11\/Screenshot-2022-11-10-145927.png\" alt=\"\" class=\"wp-image-452\" srcset=\"https:\/\/web01.usn.no\/~sir\/programmeringiskolen\/wp-content\/uploads\/2022\/11\/Screenshot-2022-11-10-145927.png 1009w, https:\/\/web01.usn.no\/~sir\/programmeringiskolen\/wp-content\/uploads\/2022\/11\/Screenshot-2022-11-10-145927-300x215.png 300w, https:\/\/web01.usn.no\/~sir\/programmeringiskolen\/wp-content\/uploads\/2022\/11\/Screenshot-2022-11-10-145927-768x550.png 768w\" sizes=\"(max-width: 1009px) 100vw, 1009px\" \/><\/figure>\n\n\n\n<figure class=\"wp-block-image size-full\"><img loading=\"lazy\" width=\"1012\" height=\"728\" src=\"https:\/\/web01.usn.no\/~sir\/programmeringiskolen\/wp-content\/uploads\/2022\/11\/Screenshot-2022-11-10-150013.png\" alt=\"\" class=\"wp-image-453\" srcset=\"https:\/\/web01.usn.no\/~sir\/programmeringiskolen\/wp-content\/uploads\/2022\/11\/Screenshot-2022-11-10-150013.png 1012w, https:\/\/web01.usn.no\/~sir\/programmeringiskolen\/wp-content\/uploads\/2022\/11\/Screenshot-2022-11-10-150013-300x216.png 300w, https:\/\/web01.usn.no\/~sir\/programmeringiskolen\/wp-content\/uploads\/2022\/11\/Screenshot-2022-11-10-150013-768x552.png 768w\" sizes=\"(max-width: 1012px) 100vw, 1012px\" \/><\/figure>\n\n\n\n<p>Etter at du har trykket &#8220;neste&#8221; p\u00e5 forrige bildet, dukker det opp en meny i nettleseren. Trykk med museknappen p\u00e5 &#8220;BBC-microbit&#8230;&#8221; inne i rammen, og velg &#8220;Connect&#8221; (eller &#8220;Koble til&#8221; hvis du har norsk spr\u00e5k p\u00e5 nettleseren.<\/p>\n\n\n\n<figure class=\"wp-block-image size-large\"><img loading=\"lazy\" width=\"1024\" height=\"779\" src=\"https:\/\/web01.usn.no\/~sir\/programmeringiskolen\/wp-content\/uploads\/2022\/11\/Screenshot-2022-11-10-153504-1024x779.png\" alt=\"\" class=\"wp-image-454\" srcset=\"https:\/\/web01.usn.no\/~sir\/programmeringiskolen\/wp-content\/uploads\/2022\/11\/Screenshot-2022-11-10-153504-1024x779.png 1024w, https:\/\/web01.usn.no\/~sir\/programmeringiskolen\/wp-content\/uploads\/2022\/11\/Screenshot-2022-11-10-153504-300x228.png 300w, https:\/\/web01.usn.no\/~sir\/programmeringiskolen\/wp-content\/uploads\/2022\/11\/Screenshot-2022-11-10-153504-768x584.png 768w, https:\/\/web01.usn.no\/~sir\/programmeringiskolen\/wp-content\/uploads\/2022\/11\/Screenshot-2022-11-10-153504.png 1060w\" sizes=\"(max-width: 1024px) 100vw, 1024px\" \/><\/figure>\n\n\n\n<p>N\u00e5 er micro:bit koblet direkte til Makecode-milj\u00f8et, og for \u00e5 laste koden over p\u00e5 micro:bit trenger du n\u00e5 bare \u00e5 trykke p\u00e5 &#8220;last ned&#8221;-knappen! Hvis det er f\u00f8rste gang du kobler til som vist over, m\u00e5 du trykke p\u00e5 &#8220;last ned&#8221; en gang til.<\/p>\n\n\n\n<figure class=\"wp-block-image size-full\"><img loading=\"lazy\" width=\"793\" height=\"742\" src=\"https:\/\/web01.usn.no\/~sir\/programmeringiskolen\/wp-content\/uploads\/2022\/11\/Screenshot-2022-11-10-153640.png\" alt=\"\" class=\"wp-image-451\" srcset=\"https:\/\/web01.usn.no\/~sir\/programmeringiskolen\/wp-content\/uploads\/2022\/11\/Screenshot-2022-11-10-153640.png 793w, https:\/\/web01.usn.no\/~sir\/programmeringiskolen\/wp-content\/uploads\/2022\/11\/Screenshot-2022-11-10-153640-300x281.png 300w, https:\/\/web01.usn.no\/~sir\/programmeringiskolen\/wp-content\/uploads\/2022\/11\/Screenshot-2022-11-10-153640-768x719.png 768w\" sizes=\"(max-width: 793px) 100vw, 793px\" \/><\/figure>\n\n\n\n<p>Under overf\u00f8ringen skal det blinke et lys p\u00e5 baksiden av micro:bit hvis alt fungerer som det skal! N\u00e5r overf\u00f8ringen er ferdig, skal du se at teksten &#8220;Hallo, verden!&#8221; ruller over LED-displayet p\u00e5 micro:biten!<\/p>\n\n\n\n<p>Gratulerer! Du har n\u00e5 programmert ditt f\u00f8rste micro:bit-program!<\/p>\n\n\n\n<h5>Filoverf\u00f8ringsmetoden<\/h5>\n\n\n\n<p>Dersom din datamaskin av en eller annen grunn ikke st\u00f8tter &#8220;web-USB&#8221; som beskrevet over, kan du manuelt kopiere &#8220;.hex&#8221;-filen over til micro:bit. N\u00e5r du trykker p\u00e5 &#8220;last ned&#8221; knappen vil &#8220;.hex&#8221;-filen lagres i din nedlastningsmappe:<\/p>\n\n\n\n<figure class=\"wp-block-image size-full\"><img loading=\"lazy\" width=\"871\" height=\"325\" src=\"https:\/\/web01.usn.no\/~sir\/programmeringiskolen\/wp-content\/uploads\/2022\/11\/Screenshot-2022-11-10-155136.png\" alt=\"\" class=\"wp-image-457\" srcset=\"https:\/\/web01.usn.no\/~sir\/programmeringiskolen\/wp-content\/uploads\/2022\/11\/Screenshot-2022-11-10-155136.png 871w, https:\/\/web01.usn.no\/~sir\/programmeringiskolen\/wp-content\/uploads\/2022\/11\/Screenshot-2022-11-10-155136-300x112.png 300w, https:\/\/web01.usn.no\/~sir\/programmeringiskolen\/wp-content\/uploads\/2022\/11\/Screenshot-2022-11-10-155136-768x287.png 768w\" sizes=\"(max-width: 871px) 100vw, 871px\" \/><\/figure>\n\n\n\n<p>Det er ikke sikkert at du ser &#8220;.hex&#8221; etternavnet, det kommer an p\u00e5 instillingene i filbehandleren din. Det er heller ikke n\u00f8dvendig. Her ser du filen &#8220;microbit-Hallo-verden.hex&#8221;. Klikk og dra filen over til den stasjonen som heter &#8220;MICROBIT&#8221;, her er det stasjon &#8220;D:&#8221;, men det kan variere fra datamaskin til datamaskin. N\u00e5r du har gjort dette, ser du f\u00f8lgende:<\/p>\n\n\n\n<figure class=\"wp-block-image size-full\"><img loading=\"lazy\" width=\"886\" height=\"424\" src=\"https:\/\/web01.usn.no\/~sir\/programmeringiskolen\/wp-content\/uploads\/2022\/11\/Screenshot-2022-11-10-155403.png\" alt=\"\" class=\"wp-image-458\" srcset=\"https:\/\/web01.usn.no\/~sir\/programmeringiskolen\/wp-content\/uploads\/2022\/11\/Screenshot-2022-11-10-155403.png 886w, https:\/\/web01.usn.no\/~sir\/programmeringiskolen\/wp-content\/uploads\/2022\/11\/Screenshot-2022-11-10-155403-300x144.png 300w, https:\/\/web01.usn.no\/~sir\/programmeringiskolen\/wp-content\/uploads\/2022\/11\/Screenshot-2022-11-10-155403-768x368.png 768w\" sizes=\"(max-width: 886px) 100vw, 886px\" \/><\/figure>\n\n\n\n<p>N\u00e5r kodefilen blir kopiert over ser du et overf\u00f8ringsvindu. P\u00e5 baksiden av micro:bit skal det ogs\u00e5 blinke et lys under overf\u00f8ringen. N\u00e5r alt er ferdig, kj\u00f8rer koden p\u00e5 micro:bit, og du ser teksten &#8220;Hallo verden!&#8221; rulle over LED-displayet en gang.<\/p>\n\n\n\n<p>Gratulerer! Du har n\u00e5 programmert din f\u00f8rste micro:bit!<\/p>\n","protected":false},"excerpt":{"rendered":"<p>Micro:bit er en liten datamaskin som du kan l\u00e6re hvordan programvare og maskinvare fungerer sammen. Den er utviklet av britiske BBC til bruk i data- og teknologiundervisning i skolen. Den har et LED-display, knapper, forskjellige sensorer og mange muligheter for \u00e5 koble til eksterne komponenter som man kan lese fra eller styre til. Man kan [&hellip;]<\/p>\n","protected":false},"author":1,"featured_media":0,"parent":103,"menu_order":10,"comment_status":"closed","ping_status":"closed","template":"","meta":[],"_links":{"self":[{"href":"https:\/\/web01.usn.no\/~sir\/programmeringiskolen\/index.php?rest_route=\/wp\/v2\/pages\/393"}],"collection":[{"href":"https:\/\/web01.usn.no\/~sir\/programmeringiskolen\/index.php?rest_route=\/wp\/v2\/pages"}],"about":[{"href":"https:\/\/web01.usn.no\/~sir\/programmeringiskolen\/index.php?rest_route=\/wp\/v2\/types\/page"}],"author":[{"embeddable":true,"href":"https:\/\/web01.usn.no\/~sir\/programmeringiskolen\/index.php?rest_route=\/wp\/v2\/users\/1"}],"replies":[{"embeddable":true,"href":"https:\/\/web01.usn.no\/~sir\/programmeringiskolen\/index.php?rest_route=%2Fwp%2Fv2%2Fcomments&post=393"}],"version-history":[{"count":7,"href":"https:\/\/web01.usn.no\/~sir\/programmeringiskolen\/index.php?rest_route=\/wp\/v2\/pages\/393\/revisions"}],"predecessor-version":[{"id":459,"href":"https:\/\/web01.usn.no\/~sir\/programmeringiskolen\/index.php?rest_route=\/wp\/v2\/pages\/393\/revisions\/459"}],"up":[{"embeddable":true,"href":"https:\/\/web01.usn.no\/~sir\/programmeringiskolen\/index.php?rest_route=\/wp\/v2\/pages\/103"}],"wp:attachment":[{"href":"https:\/\/web01.usn.no\/~sir\/programmeringiskolen\/index.php?rest_route=%2Fwp%2Fv2%2Fmedia&parent=393"}],"curies":[{"name":"wp","href":"https:\/\/api.w.org\/{rel}","templated":true}]}}