{"id":466,"date":"2022-11-16T13:59:46","date_gmt":"2022-11-16T12:59:46","guid":{"rendered":"https:\/\/web01.usn.no\/~sir\/programmeringiskolen\/?page_id=466"},"modified":"2022-11-16T14:57:14","modified_gmt":"2022-11-16T13:57:14","slug":"matatalab","status":"publish","type":"page","link":"https:\/\/web01.usn.no\/~sir\/programmeringiskolen\/?page_id=466","title":{"rendered":"Matatalab"},"content":{"rendered":"\n<p>Er et programmeringsverkt\u00f8y som kombinerer det digitale med konkreter. Enheten eller roboten programmeres p\u00e5 et brett med fysiske brikker. Koden blir avlest og sendt til roboten som &#8220;utf\u00f8rer&#8221; kommandoene som er gitt. <\/p>\n\n\n\n<p>Originalt kommer Matatalab med et brett man kan kode roboten rundt p\u00e5. Man kan ogs\u00e5 lage seg et blankt rutenett og om man folierer dette kan man gjenbruke ved \u00e5 bruke White Board tusj.  <\/p>\n\n\n\n<figure class=\"wp-block-image alignleft size-large is-resized\"><img loading=\"lazy\" src=\"https:\/\/web01.usn.no\/~sir\/programmeringiskolen\/wp-content\/uploads\/2022\/11\/IMG_7074-768x1024.jpg\" alt=\"\" class=\"wp-image-484\" width=\"350\" height=\"466\" srcset=\"https:\/\/web01.usn.no\/~sir\/programmeringiskolen\/wp-content\/uploads\/2022\/11\/IMG_7074-768x1024.jpg 768w, https:\/\/web01.usn.no\/~sir\/programmeringiskolen\/wp-content\/uploads\/2022\/11\/IMG_7074-225x300.jpg 225w, https:\/\/web01.usn.no\/~sir\/programmeringiskolen\/wp-content\/uploads\/2022\/11\/IMG_7074-1152x1536.jpg 1152w, https:\/\/web01.usn.no\/~sir\/programmeringiskolen\/wp-content\/uploads\/2022\/11\/IMG_7074-1536x2048.jpg 1536w, https:\/\/web01.usn.no\/~sir\/programmeringiskolen\/wp-content\/uploads\/2022\/11\/IMG_7074-scaled.jpg 1920w\" sizes=\"(max-width: 350px) 100vw, 350px\" \/><\/figure>\n\n\n\n<figure class=\"wp-block-image alignright size-large is-resized\"><img loading=\"lazy\" src=\"https:\/\/web01.usn.no\/~sir\/programmeringiskolen\/wp-content\/uploads\/2022\/11\/IMG_7071-1-768x1024.jpg\" alt=\"\" class=\"wp-image-486\" width=\"349\" height=\"465\" srcset=\"https:\/\/web01.usn.no\/~sir\/programmeringiskolen\/wp-content\/uploads\/2022\/11\/IMG_7071-1-768x1024.jpg 768w, https:\/\/web01.usn.no\/~sir\/programmeringiskolen\/wp-content\/uploads\/2022\/11\/IMG_7071-1-225x300.jpg 225w, https:\/\/web01.usn.no\/~sir\/programmeringiskolen\/wp-content\/uploads\/2022\/11\/IMG_7071-1-1152x1536.jpg 1152w, https:\/\/web01.usn.no\/~sir\/programmeringiskolen\/wp-content\/uploads\/2022\/11\/IMG_7071-1-1536x2048.jpg 1536w, https:\/\/web01.usn.no\/~sir\/programmeringiskolen\/wp-content\/uploads\/2022\/11\/IMG_7071-1-scaled.jpg 1920w\" sizes=\"(max-width: 349px) 100vw, 349px\" \/><\/figure>\n\n\n\n<p>Maatalab kan man tenke at egner seg for barnehage og sm\u00e5skole. Dersom man legger tilrette for det kan det ogs\u00e5 brukes i h\u00f8yere trinn. <\/p>\n\n\n\n<p>Matatalab har enkle piler som angir kommandoer frem, bakover, venstre (90 grader) og h\u00f8yre(90 grader).  Matatalab har ogs\u00e5 tall som vi ser til venstre som kan kobles sammen med pilene. <\/p>\n\n\n\n<p>I tillegg har matatalab brikker med ulike vinkler slik at roboten kan dreie et gitt antall grader i tillegg til brikker knyttet til musikk og noter. <\/p>\n\n\n\n<figure class=\"wp-block-image size-large\"><img loading=\"lazy\" width=\"768\" height=\"1024\" src=\"https:\/\/web01.usn.no\/~sir\/programmeringiskolen\/wp-content\/uploads\/2022\/11\/IMG_7072-1-768x1024.jpg\" alt=\"\" class=\"wp-image-487\" srcset=\"https:\/\/web01.usn.no\/~sir\/programmeringiskolen\/wp-content\/uploads\/2022\/11\/IMG_7072-1-768x1024.jpg 768w, https:\/\/web01.usn.no\/~sir\/programmeringiskolen\/wp-content\/uploads\/2022\/11\/IMG_7072-1-225x300.jpg 225w, https:\/\/web01.usn.no\/~sir\/programmeringiskolen\/wp-content\/uploads\/2022\/11\/IMG_7072-1-1152x1536.jpg 1152w, https:\/\/web01.usn.no\/~sir\/programmeringiskolen\/wp-content\/uploads\/2022\/11\/IMG_7072-1-1536x2048.jpg 1536w, https:\/\/web01.usn.no\/~sir\/programmeringiskolen\/wp-content\/uploads\/2022\/11\/IMG_7072-1-scaled.jpg 1920w\" sizes=\"(max-width: 768px) 100vw, 768px\" \/><\/figure>\n","protected":false},"excerpt":{"rendered":"<p>Er et programmeringsverkt\u00f8y som kombinerer det digitale med konkreter. Enheten eller roboten programmeres p\u00e5 et brett med fysiske brikker. Koden blir avlest og sendt til roboten som &#8220;utf\u00f8rer&#8221; kommandoene som er gitt. Originalt kommer Matatalab med et brett man kan kode roboten rundt p\u00e5. Man kan ogs\u00e5 lage seg et blankt rutenett og om man [&hellip;]<\/p>\n","protected":false},"author":2,"featured_media":0,"parent":99,"menu_order":10,"comment_status":"closed","ping_status":"closed","template":"","meta":[],"_links":{"self":[{"href":"https:\/\/web01.usn.no\/~sir\/programmeringiskolen\/index.php?rest_route=\/wp\/v2\/pages\/466"}],"collection":[{"href":"https:\/\/web01.usn.no\/~sir\/programmeringiskolen\/index.php?rest_route=\/wp\/v2\/pages"}],"about":[{"href":"https:\/\/web01.usn.no\/~sir\/programmeringiskolen\/index.php?rest_route=\/wp\/v2\/types\/page"}],"author":[{"embeddable":true,"href":"https:\/\/web01.usn.no\/~sir\/programmeringiskolen\/index.php?rest_route=\/wp\/v2\/users\/2"}],"replies":[{"embeddable":true,"href":"https:\/\/web01.usn.no\/~sir\/programmeringiskolen\/index.php?rest_route=%2Fwp%2Fv2%2Fcomments&post=466"}],"version-history":[{"count":3,"href":"https:\/\/web01.usn.no\/~sir\/programmeringiskolen\/index.php?rest_route=\/wp\/v2\/pages\/466\/revisions"}],"predecessor-version":[{"id":488,"href":"https:\/\/web01.usn.no\/~sir\/programmeringiskolen\/index.php?rest_route=\/wp\/v2\/pages\/466\/revisions\/488"}],"up":[{"embeddable":true,"href":"https:\/\/web01.usn.no\/~sir\/programmeringiskolen\/index.php?rest_route=\/wp\/v2\/pages\/99"}],"wp:attachment":[{"href":"https:\/\/web01.usn.no\/~sir\/programmeringiskolen\/index.php?rest_route=%2Fwp%2Fv2%2Fmedia&parent=466"}],"curies":[{"name":"wp","href":"https:\/\/api.w.org\/{rel}","templated":true}]}}