{"id":6,"date":"2022-09-02T22:17:12","date_gmt":"2022-09-02T21:17:12","guid":{"rendered":"https:\/\/web01.usn.no\/~sir\/programmeringiskolen\/?page_id=6"},"modified":"2022-10-11T13:07:25","modified_gmt":"2022-10-11T12:07:25","slug":"test-01","status":"publish","type":"page","link":"https:\/\/web01.usn.no\/~sir\/programmeringiskolen\/?page_id=6","title":{"rendered":"Python"},"content":{"rendered":"\n<p><a href=\"https:\/\/en.wikipedia.org\/wiki\/Python_(programming_language)\" data-type=\"URL\" data-id=\"https:\/\/en.wikipedia.org\/wiki\/Python_(programming_language)\">Python<\/a> er et programmeringsspr\u00e5k utviklet av nederlenderen <a href=\"https:\/\/en.wikipedia.org\/wiki\/Guido_van_Rossum\" data-type=\"URL\" data-id=\"https:\/\/en.wikipedia.org\/wiki\/Guido_van_Rossum\">Guido van Rossum<\/a> og er kjent for \u00e5 v\u00e6re enkelt og intuitivt, <a href=\"https:\/\/en.wikipedia.org\/wiki\/Open_source\">&#8220;open source&#8221;<\/a>, lett \u00e5 lese, kraftig og kode er lett \u00e5 distribuere. Python er kryss-plattform; kan brukes p\u00e5 PC, MAC, Ipad, Raspberry Pi, Micro:Bit og Linux. <\/p>\n\n\n\n<p>Python sitt navn er tatt fra fra Van Rossum sin kj\u00e6rlighet til den britiske komikergruppen <a href=\"https:\/\/en.wikipedia.org\/wiki\/Monty_Python\">Monty Python<\/a>. Koblingen til Monty Python f\u00f8rer ofte til at det kan v\u00e6re humoristiske innslag i veiledninger og videoer p\u00e5 youtube. Klikk p\u00e5 linken &#8220;play-knappen&#8221; under for \u00e5 se noen programmeringsprinsipper kalt <a href=\"https:\/\/en.wikipedia.org\/wiki\/Zen_of_Python\" data-type=\"URL\" data-id=\"https:\/\/en.wikipedia.org\/wiki\/Zen_of_Python\">&#8220;The Zen of Python&#8221;<\/a>.  Ble lagt inn av Tim Peters, en programvareutvikler, i 1999. Konteksten er hvordan man skal programmere. <\/p>\n\n\n\n<p><iframe loading=\"lazy\" src=\"https:\/\/trinket.io\/embed\/python\/5bd5875960?runOption=run&#038;showInstructions=true\" width=\"100%\" height=\"300\" frameborder=\"0\" marginwidth=\"0\" marginheight=\"0\" allowfullscreen><\/iframe><\/p>\n\n\n\n<p>Python er spr\u00e5ket som \u00f8ker mest i popularitet, og er mye brukt i undervisningssammenheng og forskning, men ogs\u00e5 innen industri og finans. Sammenlignet med C\/C++ s\u00e5 er C\/C++ raskere, men Python har en stigende ytelseskurve. Les denne lett <a href=\"https:\/\/towardsdatascience.com\/python-3-14-will-be-faster-than-c-a97edd01d65d\">humoristiske artikkelen<\/a> for noen tanker om fremtiden. Figuren under viser Pythons popularitet, og trendkurven har v\u00e6rt sterkt stigende de siste 10 \u00e5r. <\/p>\n\n\n\n<figure class=\"wp-block-image size-full\"><img loading=\"lazy\" width=\"881\" height=\"585\" src=\"https:\/\/web01.usn.no\/~sir\/programmeringiskolen\/wp-content\/uploads\/2022\/10\/stackoverflow_trends.png\" alt=\"https:\/\/insights.stackoverflow.com\/trends?tags=python%2Cjavascript%2Cjava%2Cc%23%2Cphp%2Cc%2B%2B&amp;utm_source=so-owned&amp;utm_medium=blog&amp;utm_campaign=gen-blog&amp;utm_content=blog-link&amp;utm_term=incredible-growth-python&amp;_ga=2.265091593.769944146.1665486722-1069595471.1665486722\" class=\"wp-image-183\" srcset=\"https:\/\/web01.usn.no\/~sir\/programmeringiskolen\/wp-content\/uploads\/2022\/10\/stackoverflow_trends.png 881w, https:\/\/web01.usn.no\/~sir\/programmeringiskolen\/wp-content\/uploads\/2022\/10\/stackoverflow_trends-300x199.png 300w, https:\/\/web01.usn.no\/~sir\/programmeringiskolen\/wp-content\/uploads\/2022\/10\/stackoverflow_trends-768x510.png 768w\" sizes=\"(max-width: 881px) 100vw, 881px\" \/><figcaption>https:\/\/insights.stackoverflow.com\/<\/figcaption><\/figure>\n\n\n\n<p>F\u00f8lgende eksempel i Python viser hvordan man legger sammen to tall og skriver de ut til skjerm. Pythons kode er lett \u00e5 lese, og man forst\u00e5r raskt hva dette handler om, i motsetning til feks <a href=\"https:\/\/www.programiz.com\/javascript\/examples\/add-number\">javascript<\/a> som har flere spesialtegn for \u00e5 f\u00e5 til det samme.<\/p>\n\n\n\n<p><iframe loading=\"lazy\" src=\"https:\/\/trinket.io\/embed\/python\/01f9914469?runOption=run\" width=\"100%\" height=\"200\" frameborder=\"0\" marginwidth=\"0\" marginheight=\"0\" allowfullscreen><\/iframe><\/p>\n\n\n<nav class=\"wp-container-2 is-responsive wp-block-navigation\" aria-label=\"Navigation\"><button aria-haspopup=\"true\" aria-label=\"Open menu\" class=\"wp-block-navigation__responsive-container-open \" data-micromodal-trigger=\"modal-1\"><svg width=\"24\" height=\"24\" xmlns=\"http:\/\/www.w3.org\/2000\/svg\" viewBox=\"0 0 24 24\" aria-hidden=\"true\" focusable=\"false\"><rect x=\"4\" y=\"7.5\" width=\"16\" height=\"1.5\" \/><rect x=\"4\" y=\"15\" width=\"16\" height=\"1.5\" \/><\/svg><\/button>\n\t\t\t<div class=\"wp-block-navigation__responsive-container  \" style=\"\" id=\"modal-1\">\n\t\t\t\t<div class=\"wp-block-navigation__responsive-close\" tabindex=\"-1\" data-micromodal-close>\n\t\t\t\t\t<div class=\"wp-block-navigation__responsive-dialog\" aria-label=\"Menu\">\n\t\t\t\t\t\t\t<button aria-label=\"Close menu\" data-micromodal-close class=\"wp-block-navigation__responsive-container-close\"><svg xmlns=\"http:\/\/www.w3.org\/2000\/svg\" viewBox=\"0 0 24 24\" width=\"24\" height=\"24\" aria-hidden=\"true\" focusable=\"false\"><path d=\"M13 11.8l6.1-6.3-1-1-6.1 6.2-6.1-6.2-1 1 6.1 6.3-6.5 6.7 1 1 6.5-6.6 6.5 6.6 1-1z\"><\/path><\/svg><\/button>\n\t\t\t\t\t\t<div class=\"wp-block-navigation__responsive-container-content\" id=\"modal-1-content\">\n\t\t\t\t\t\t\t\n\t\t\t\t\t\t<\/div>\n\t\t\t\t\t<\/div>\n\t\t\t\t<\/div>\n\t\t\t<\/div><\/nav>","protected":false},"excerpt":{"rendered":"<p>Python er et programmeringsspr\u00e5k utviklet av nederlenderen Guido van Rossum og er kjent for \u00e5 v\u00e6re enkelt og intuitivt, &#8220;open source&#8221;, lett \u00e5 lese, kraftig og kode er lett \u00e5 distribuere. Python er kryss-plattform; kan brukes p\u00e5 PC, MAC, Ipad, Raspberry Pi, Micro:Bit og Linux. Python sitt navn er tatt fra fra Van Rossum sin [&hellip;]<\/p>\n","protected":false},"author":1,"featured_media":0,"parent":97,"menu_order":5,"comment_status":"closed","ping_status":"closed","template":"","meta":[],"_links":{"self":[{"href":"https:\/\/web01.usn.no\/~sir\/programmeringiskolen\/index.php?rest_route=\/wp\/v2\/pages\/6"}],"collection":[{"href":"https:\/\/web01.usn.no\/~sir\/programmeringiskolen\/index.php?rest_route=\/wp\/v2\/pages"}],"about":[{"href":"https:\/\/web01.usn.no\/~sir\/programmeringiskolen\/index.php?rest_route=\/wp\/v2\/types\/page"}],"author":[{"embeddable":true,"href":"https:\/\/web01.usn.no\/~sir\/programmeringiskolen\/index.php?rest_route=\/wp\/v2\/users\/1"}],"replies":[{"embeddable":true,"href":"https:\/\/web01.usn.no\/~sir\/programmeringiskolen\/index.php?rest_route=%2Fwp%2Fv2%2Fcomments&post=6"}],"version-history":[{"count":16,"href":"https:\/\/web01.usn.no\/~sir\/programmeringiskolen\/index.php?rest_route=\/wp\/v2\/pages\/6\/revisions"}],"predecessor-version":[{"id":191,"href":"https:\/\/web01.usn.no\/~sir\/programmeringiskolen\/index.php?rest_route=\/wp\/v2\/pages\/6\/revisions\/191"}],"up":[{"embeddable":true,"href":"https:\/\/web01.usn.no\/~sir\/programmeringiskolen\/index.php?rest_route=\/wp\/v2\/pages\/97"}],"wp:attachment":[{"href":"https:\/\/web01.usn.no\/~sir\/programmeringiskolen\/index.php?rest_route=%2Fwp%2Fv2%2Fmedia&parent=6"}],"curies":[{"name":"wp","href":"https:\/\/api.w.org\/{rel}","templated":true}]}}